{"id":146,"date":"2016-03-09T09:32:48","date_gmt":"2016-03-09T09:32:48","guid":{"rendered":"http:\/\/www.tjsokolzdikov.cz\/?page_id=146"},"modified":"2024-11-26T09:13:31","modified_gmt":"2024-11-26T09:13:31","slug":"kontakt","status":"publish","type":"page","link":"http:\/\/www.tjsokolzdikov.cz\/?page_id=146","title":{"rendered":"Kontakt"},"content":{"rendered":"<div id=\"pl-146\"  class=\"panel-layout\" ><div id=\"pg-146-0\"  class=\"panel-grid panel-no-style\" ><div id=\"pgc-146-0-0\"  class=\"panel-grid-cell\" ><div id=\"panel-146-0-0-0\" class=\"so-panel widget widget_black-studio-tinymce widget_black_studio_tinymce panel-first-child panel-last-child\" data-index=\"0\" ><div class=\"textwidget\"><p>Adresa:<br \/>\nZd\u00edkov 220<br \/>\nZd\u00edkov 384 72<\/p>\n<p>I\u010c:\u00a041881389<\/p>\n<\/div><\/div><\/div><div id=\"pgc-146-0-1\"  class=\"panel-grid-cell\" ><div id=\"panel-146-0-1-0\" class=\"so-panel widget widget_black-studio-tinymce widget_black_studio_tinymce panel-first-child panel-last-child\" data-index=\"1\" ><div class=\"textwidget\"><p>\n<table id=\"tablepress-1\" class=\"tablepress tablepress-id-1\">\n<thead>\n<tr class=\"row-1\">\n\t<th class=\"column-1\">Jm\u00e9no<\/th><th class=\"column-2\">Funkce<\/th><th class=\"column-3\">Kontakt<\/th>\n<\/tr>\n<\/thead>\n<tbody class=\"row-striping row-hover\">\n<tr class=\"row-2\">\n\t<td class=\"column-1\">Hana Z\u00e1dkov\u00e1<\/td><td class=\"column-2\">P\u0159edsedkyn\u011b<\/td><td class=\"column-3\"><\/td>\n<\/tr>\n<tr class=\"row-3\">\n\t<td class=\"column-1\">Iva Lozi\u00e1\u0161ov\u00e1<\/td><td class=\"column-2\">M\u00edstop\u0159edsedkyn\u011b<\/td><td class=\"column-3\"><\/td>\n<\/tr>\n<tr class=\"row-4\">\n\t<td class=\"column-1\">Roman \u0160eb\u00e1nek<\/td><td class=\"column-2\">\u010dlen<\/td><td class=\"column-3\">romano.seban@seznam.cz<\/td>\n<\/tr>\n<tr class=\"row-5\">\n\t<td class=\"column-1\">Jaroslava Caisov\u00e1<\/td><td class=\"column-2\">\u010dlen<\/td><td class=\"column-3\"><\/td>\n<\/tr>\n<tr class=\"row-6\">\n\t<td class=\"column-1\">Jana Rand\u00e1kov\u00e1<\/td><td class=\"column-2\">\u010dlen<\/td><td class=\"column-3\"><\/td>\n<\/tr>\n<\/tbody>\n<\/table>\n<!-- #tablepress-1 from cache --><\/p>\n<\/div><\/div><\/div><\/div><\/div>","protected":false},"excerpt":{"rendered":"<p>Adresa: Zd\u00edkov 220 Zd\u00edkov 384 72 I\u010c:\u00a041881389<\/p>\n","protected":false},"author":1,"featured_media":0,"parent":0,"menu_order":7,"comment_status":"open","ping_status":"open","template":"","meta":{"footnotes":""},"class_list":["post-146","page","type-page","status-publish","hentry"],"_links":{"self":[{"href":"http:\/\/www.tjsokolzdikov.cz\/index.php?rest_route=\/wp\/v2\/pages\/146","targetHints":{"allow":["GET"]}}],"collection":[{"href":"http:\/\/www.tjsokolzdikov.cz\/index.php?rest_route=\/wp\/v2\/pages"}],"about":[{"href":"http:\/\/www.tjsokolzdikov.cz\/index.php?rest_route=\/wp\/v2\/types\/page"}],"author":[{"embeddable":true,"href":"http:\/\/www.tjsokolzdikov.cz\/index.php?rest_route=\/wp\/v2\/users\/1"}],"replies":[{"embeddable":true,"href":"http:\/\/www.tjsokolzdikov.cz\/index.php?rest_route=%2Fwp%2Fv2%2Fcomments&post=146"}],"version-history":[{"count":12,"href":"http:\/\/www.tjsokolzdikov.cz\/index.php?rest_route=\/wp\/v2\/pages\/146\/revisions"}],"predecessor-version":[{"id":429,"href":"http:\/\/www.tjsokolzdikov.cz\/index.php?rest_route=\/wp\/v2\/pages\/146\/revisions\/429"}],"wp:attachment":[{"href":"http:\/\/www.tjsokolzdikov.cz\/index.php?rest_route=%2Fwp%2Fv2%2Fmedia&parent=146"}],"curies":[{"name":"wp","href":"https:\/\/api.w.org\/{rel}","templated":true}]}}